{"id":72,"date":"2012-10-26T11:32:45","date_gmt":"2012-10-26T11:32:45","guid":{"rendered":"http:\/\/www.psg-sumo.de\/?page_id=72"},"modified":"2017-07-18T13:12:47","modified_gmt":"2017-07-18T13:12:47","slug":"der-wettkampf","status":"publish","type":"page","link":"http:\/\/www.psg-sumo.de\/?page_id=72","title":{"rendered":"Der Wettkampf"},"content":{"rendered":"<p>Am 28.10.2012 um NULL NEUNHUNDERT ab zum Aufw\u00e4rmen.<br \/>\nEte, Fred und Marcy f\u00fchlen sich gut, schnell und sind hei\u00df aufs K\u00e4mpfen. Leichtgewicht Frauen f\u00e4ngt an. Ganz gut f\u00fcr Marcy um ein Wettkampfgef\u00fchl aufzubauen und die Kampfrichtereinstellung bez\u00fcglich der Starts (ins Kommando oder nach Aufsetzen der vier F\u00e4uste) zu beobachten.<br \/>\nEndlich war es soweit, Kampfbeginn im Mittelgewicht.<br \/>\n3. Kampfpaarung Marcy muss gegen Tiffany Tran (USA) ran. Mit kr\u00e4ftigen Tsupparis bef\u00f6rderte Marcy ihr Gegnerin auf den Ring. Die erste Aufregung f\u00e4llt ab.<br \/>\nIm n\u00e4chsten Kampf trifft sie auf Munkhtsetseg Otgon (MGL). Nach starkem Start zog Marcy ihren ersten Angriff nicht konseqent durch, so dass ihre Gegnerin sich stabilisieren und die Bewegung \u00fcbernehmen kann. Marcy musste sich leider geschlagen geben und in der Trostrunde ihr Chance nutzen. Gegen Tassama Chalearnthip (THA) war das erste Duell in der Trostrunde. Ein Handwurf bef\u00f6rderte die Thail\u00e4nderin zu Boden. Anschlie\u00dfend war Fernanda Rojas Pellegrini (BRA) ihre Widersacherin. Auch hier war Marcy erfolgreich. Mit einem schnellen Bewegungswechsel nach vorn und hinten wurde die Brasilianerin mit dem Bauch voran auf den Ring bef\u00f6rdert.<br \/>\nMinimalziel erreicht, Kampf um Bronze.<br \/>\nNach einer Pause von 5 Stunden fand dieser Kampf gegen die Japanerin statt. In diesem Gefecht unterlag sie nur knapp ihrer Kontrahentin.<\/p>\n<p>W\u00e4rend der Pause fanden die Wettk\u00e4mpfe in den anderen Gewichtsklassen statt.<br \/>\nUnser Mittelgewicht bei den M\u00e4nnern (Ete) hatte ein Freilos. Sein Gegner wurde aus der Begegnung Baghirov Zaur (AZE) und Roger Kena Heffernan (USA) ermittelt. Hier setzte sich der US Amerikaner durch und traf auf Ete. Mit einem sauberen Uchi Mata bef\u00f6rderte Ete seinen Gegner aus dem Ring. Bei dieser Aktion riss sich Erik den linken Hacken an der Ringbefestigung tief ein. Mit diesem Handicap und einem dicken Verband stellte sich Ete gegen der Russen Kaziev Atsamaz. Hier verlor er durch eine Unachtsamkeit gegen den sp\u00e4teren Vizeweltmeister. In der Trostrunde wartete nun der Italiener Andrea Epiro auf ihn. Nach Anf\u00e4nglichen Griffkampf schaffte Ete nicht seinen Griff durch zu setzen und wurde dann aus dem Ring geschoben. Beim Abst\u00fctzen am Ringrand riss er sich nun auch noch den Ballen des schon verletzten Fu\u00dfes auf.<br \/>\nEte beendete seinen Wettkampf als neunter.<br \/>\nNun stieg auch Fred ins Wettkamfgeschehen ein. Sein erster Gegner Wei-Lun Tsai (TPE). Nach starken Start gelang es ihm leider nicht seinen v\u00f6llig aus dem Gleichgewicht gebrachten Gegener aus dem Ring zu schieben. Beide holten sich ihren jeweiligen Griff, dabei wollte Fred einen Schritt zur Seite machen, knickte um und landete auf seinem Knie. Damit war der Kampf leider verloren. Nun begann das Bangen.<br \/>\nTsai konnte sich bis zum Einzug ins Finale durchsetzen, so dass Fred in die Trostrunde kam. Hier traf er auf Jason Mareko (AUS), der 210 kg auf die Waage brachte. Durch gut gesetzte Tsupparis konnte er seinen Gegner bezwingen. Anschlie\u00dfend war Juan Castro (VEN) sein Gegner. Trotz eines beherzten Starts, gelang es Fred nicht ihn aus dem Ring zu schieben.<br \/>\nSomit stand das Ergebin fest 7. Platz.<\/p>\n<p>Angeschlagen, aber trotzdem motiviert gingen unsere beiden M\u00e4nner als Team in den Ring. Zu einem Team geh\u00f6ren 3 K\u00e4mpfer. Daraus folgt, dass unsere Zwei immer schon einen Punkt abgeben mussten.<br \/>\nIm ersten Duell standen sich Deutschland und die USA gegen\u00fcber. Fred und Ete konnten jeweils ihren Kapf gewinnen und zogen eine Runde weiter. Nun wartete die Niederlande auf unsere K\u00e4mpfer. Dieses Duell konnte die Niederlande mit 2:1 f\u00fcr sich entscheiden. Das diese im anschliessenden Kampf gegen starke Mongolen verloren, war f\u00fcr Fred und Ete der Team Wettkampf beendet.<\/p>\n<p>Damit ging ein doch zufrieden stellender Wettkampftag zu Ende.<\/p>\n","protected":false},"excerpt":{"rendered":"<p>Am 28.10.2012 um NULL NEUNHUNDERT ab zum Aufw\u00e4rmen. Ete, Fred und Marcy f\u00fchlen sich gut, schnell und sind hei\u00df aufs K\u00e4mpfen. Leichtgewicht Frauen f\u00e4ngt an. Ganz gut f\u00fcr Marcy um ein Wettkampfgef\u00fchl aufzubauen und die Kampfrichtereinstellung bez\u00fcglich der Starts (ins &hellip; <a href=\"http:\/\/www.psg-sumo.de\/?page_id=72\">Weiterlesen <span class=\"meta-nav\">&rarr;<\/span><\/a><\/p>\n","protected":false},"author":1,"featured_media":0,"parent":58,"menu_order":2,"comment_status":"closed","ping_status":"closed","template":"","meta":{"footnotes":""},"class_list":["post-72","page","type-page","status-publish","hentry"],"_links":{"self":[{"href":"http:\/\/www.psg-sumo.de\/index.php?rest_route=\/wp\/v2\/pages\/72","targetHints":{"allow":["GET"]}}],"collection":[{"href":"http:\/\/www.psg-sumo.de\/index.php?rest_route=\/wp\/v2\/pages"}],"about":[{"href":"http:\/\/www.psg-sumo.de\/index.php?rest_route=\/wp\/v2\/types\/page"}],"author":[{"embeddable":true,"href":"http:\/\/www.psg-sumo.de\/index.php?rest_route=\/wp\/v2\/users\/1"}],"replies":[{"embeddable":true,"href":"http:\/\/www.psg-sumo.de\/index.php?rest_route=%2Fwp%2Fv2%2Fcomments&post=72"}],"version-history":[{"count":10,"href":"http:\/\/www.psg-sumo.de\/index.php?rest_route=\/wp\/v2\/pages\/72\/revisions"}],"predecessor-version":[{"id":74,"href":"http:\/\/www.psg-sumo.de\/index.php?rest_route=\/wp\/v2\/pages\/72\/revisions\/74"}],"up":[{"embeddable":true,"href":"http:\/\/www.psg-sumo.de\/index.php?rest_route=\/wp\/v2\/pages\/58"}],"wp:attachment":[{"href":"http:\/\/www.psg-sumo.de\/index.php?rest_route=%2Fwp%2Fv2%2Fmedia&parent=72"}],"curies":[{"name":"wp","href":"https:\/\/api.w.org\/{rel}","templated":true}]}}