{"id":86,"date":"2012-10-27T08:23:45","date_gmt":"2012-10-27T08:23:45","guid":{"rendered":"http:\/\/www.psg-sumo.de\/?page_id=86"},"modified":"2017-07-18T13:12:59","modified_gmt":"2017-07-18T13:12:59","slug":"tag-1","status":"publish","type":"page","link":"http:\/\/www.psg-sumo.de\/?page_id=86","title":{"rendered":"Tag 1"},"content":{"rendered":"<p>Kapitel 1<br \/>\nAm 24.10.12 um 4 Uhr startete das Unternehmen Weltmeisterschaften im   Sumo in Hong Kong.In Tegel angekommen, trotz mehrfacher Nachfrage   bez\u00fcglich der Reisep\u00e4sse wurde dann festgestellt, dass Erik (Ete) statt   des Passes nur die wichtige Kopie des Reisepasses dabei hatte. Das   Orginal lag sicher und wohlbeh\u00fcttet noch im Kopierer. Dank Papa Ete und   mehrerer Angstschwei\u00dftropfen konnten nach einer Stunde alle Einchecken.<\/p>\n<p>Kurzer Abstecher beim Duty Free.\u00a0 Jeder nahm sich ein paar Nasen voll   Duftw\u00e4sserchen und Sandra (Sani) als Highlight rein ins Auge.<br \/>\nErgebnis: &#8222;Ich bin blind&#8220;.<\/p>\n<p>Ankunft in  London: Ete blockiert f\u00fcr uns den Weg und holt das  Handgep\u00e4ck runter.  Dabei lehnt er sich mal kurzer Hand an Freds  Vordersitz.<br \/>\nProblem: Freds  Finger waren zwischen Kopflehne und Sitz. Kleine  Gesichtsentgleitung von  Fred und die Bitte an Ete kurz nen St\u00fcck  rutschen.<\/p>\n<p>Kapitel 2\u00a0\u00a0\u00a0\u00a0\u00a0\u00a0\u00a0\u00a0\u00a0 Sicherheitscheck in London<br \/>\nWas einige Leute unter Handgep\u00e4ck verstehen haben andere in einem 100qm  Haushalt.<br \/>\nDaraus folgt: Die Warteschlange erstrecken sich in gef\u00fchlte  100km. Nach  langem Anstehen schafften Marcy, Fred und Ete diese H\u00fcrde  recht  problemlos. Nur Sani durfte ihre Selbstbeherrschung beim Abtasten der  k\u00fcnstlichen Schulter demonstrieren. Nach 10 min ohne Schuhe wurde  auch  ihr Rucksack f\u00fcr weitere Untersuchungen ausgew\u00e4hlt. Dank der   Engelsgeduld der britischen Beamten haben wir es dann doch schon nach  nur  60 min Wartezeit geschafft die Kontrolle zu beenden.<br \/>\nLaune:Leichte Einbu\u00dfen<\/p>\n<p>Kapitel 3\u00a0\u00a0\u00a0\u00a0\u00a0\u00a0\u00a0\u00a0\u00a0\u00a0 Hong Kong<br \/>\nAnkunft gegen 8 Uhr Ortszeit (2 Uhr Deutscher Zeit) unser Shuttle stand   schon bereit. Nur noch kurzes Warten auf die anderen Teams und dann   endlich ab zum Hotel. Die Freude auf ne sch\u00f6ne Dusche und kurzes Chillen   war riesen gro\u00df.<br \/>\nDer D\u00e4mpfer war schon Vorprogrammiert: 45 min  Wartezeit allein f\u00fcr die  Registrierung. Weitere Wartezeit von 2-4  Stunden sollten einkalkuliert  werden.<br \/>\nLaune: verd\u00e4chtig nah am  Tiefpunkt.<\/p>\n<p>L\u00f6sung:  Gep\u00e4ckaufbewahrung des Hotels nutzen und nen kleinen  Stadtbummel machen.  Kaum\u00a0 das Hotel verlassen und die Stra\u00dfenseite  gewechselt schl\u00e4gt uns  ein grandioser Geruch um die Nase (Fisch und  Urin in allen Varianten).  Sani schnell 3 mal gew\u00fcrgt und weiter gehts.<br \/>\nKleiner Kulturshock: Das  Fleisch (zum Teil zerkleinert, zum Teil in einem St\u00fcck) wird ohne  K\u00fchlung am Stra\u00dfenrand verkauft.<br \/>\nZur\u00fcck im Hotel: Immernoch massig Zeit.<br \/>\nLaune: geht so<br \/>\nGeruch: katastrophal (etwa 30 Stunden ohne Dusche)<br \/>\nsonstiges: so langsam muss jeder mal mehr \ud83d\ude09<\/p>\n<p>Wartezeit eigentlich vorbei: aber nicht f\u00fcr uns \ud83d\ude41<br \/>\nWir m\u00f6chten uns doch bitte noch eine Stunde gedulden.<br \/>\nLaune: Tiefstpunkt erreicht<br \/>\nsonstiges: Sani wird zum Wildschwein<br \/>\n10 min sp\u00e4ter und Wildschweinaktion, durften die Herrschaften ihre Gem\u00e4cher beziehen.<br \/>\nDie Ausstattung: super, insbesondere das gl\u00e4serne Bad mit Toilette (tolle Aussichten)<\/p>\n<p>Kapitel 4\u00a0\u00a0\u00a0\u00a0\u00a0\u00a0\u00a0 Endlich angekommen<br \/>\nKurzes frisch machen, die Waage abwickeln und los gehts zur Essensbeschaffung.<br \/>\nIm Einkaufskorb: nur gesunde Sachen (Instant Nudelsuppen, Chips, Cola also alles was das Herz erfreut)<br \/>\nNach dieser Anstrengung haben wir uns etwas Erholung verdient.<br \/>\nWo geht das besser als im Pool im neunten Stock \u00fcber Hong Kong?! Nach  einer kurzen Runde im Pool befanden wir das Wasser als nicht angenehm  temperiert und wechselten kurzerhand in den Whirlpool. Sani versucht  Fred zu \u00e4rgern (Untertauchen) und kommt dabei selbst ins &#8222;Gegenrudern&#8220;,  allerdings kann sie sich nur mit einem Arm abfangen.<br \/>\nTechnik: Doppelter Rittberger<br \/>\nAusf\u00fchrung: unbeschreiblich<br \/>\nNote: au\u00dfer Konkurenz (Wassernixe)<\/p>\n<p>Nur noch was Essen, ne kurze Auswertung und ab ins Bett.<\/p>\n<p>Fortsetzung folgt&#8230;..Wann mal sehn \ud83d\ude09<\/p>\n<p>Bei Gefallen ruhig nen Feedback, Danke.<\/p>\n","protected":false},"excerpt":{"rendered":"<p>Kapitel 1 Am 24.10.12 um 4 Uhr startete das Unternehmen Weltmeisterschaften im Sumo in Hong Kong.In Tegel angekommen, trotz mehrfacher Nachfrage bez\u00fcglich der Reisep\u00e4sse wurde dann festgestellt, dass Erik (Ete) statt des Passes nur die wichtige Kopie des Reisepasses dabei &hellip; <a href=\"http:\/\/www.psg-sumo.de\/?page_id=86\">Weiterlesen <span class=\"meta-nav\">&rarr;<\/span><\/a><\/p>\n","protected":false},"author":1,"featured_media":0,"parent":70,"menu_order":0,"comment_status":"closed","ping_status":"closed","template":"","meta":{"footnotes":""},"class_list":["post-86","page","type-page","status-publish","hentry"],"_links":{"self":[{"href":"http:\/\/www.psg-sumo.de\/index.php?rest_route=\/wp\/v2\/pages\/86","targetHints":{"allow":["GET"]}}],"collection":[{"href":"http:\/\/www.psg-sumo.de\/index.php?rest_route=\/wp\/v2\/pages"}],"about":[{"href":"http:\/\/www.psg-sumo.de\/index.php?rest_route=\/wp\/v2\/types\/page"}],"author":[{"embeddable":true,"href":"http:\/\/www.psg-sumo.de\/index.php?rest_route=\/wp\/v2\/users\/1"}],"replies":[{"embeddable":true,"href":"http:\/\/www.psg-sumo.de\/index.php?rest_route=%2Fwp%2Fv2%2Fcomments&post=86"}],"version-history":[{"count":3,"href":"http:\/\/www.psg-sumo.de\/index.php?rest_route=\/wp\/v2\/pages\/86\/revisions"}],"predecessor-version":[{"id":155,"href":"http:\/\/www.psg-sumo.de\/index.php?rest_route=\/wp\/v2\/pages\/86\/revisions\/155"}],"up":[{"embeddable":true,"href":"http:\/\/www.psg-sumo.de\/index.php?rest_route=\/wp\/v2\/pages\/70"}],"wp:attachment":[{"href":"http:\/\/www.psg-sumo.de\/index.php?rest_route=%2Fwp%2Fv2%2Fmedia&parent=86"}],"curies":[{"name":"wp","href":"https:\/\/api.w.org\/{rel}","templated":true}]}}