{"id":92,"date":"2012-10-27T08:30:37","date_gmt":"2012-10-27T08:30:37","guid":{"rendered":"http:\/\/www.psg-sumo.de\/?page_id=92"},"modified":"2017-07-18T13:13:53","modified_gmt":"2017-07-18T13:13:53","slug":"training","status":"publish","type":"page","link":"http:\/\/www.psg-sumo.de\/?page_id=92","title":{"rendered":"Training"},"content":{"rendered":"<p><a href=\"http:\/\/www.psg-sumo.de\/wp-content\/uploads\/2012\/10\/IMG_0348.jpg\"><img loading=\"lazy\" decoding=\"async\" class=\"alignnone size-thumbnail wp-image-100\" title=\"Kerstin\" src=\"http:\/\/www.psg-sumo.de\/wp-content\/uploads\/2012\/10\/IMG_0348-150x150.jpg\" alt=\"\" width=\"150\" height=\"150\" \/><\/a><a href=\"http:\/\/www.psg-sumo.de\/wp-content\/uploads\/2012\/10\/IMG_0326.jpg\"><img loading=\"lazy\" decoding=\"async\" class=\"alignnone size-thumbnail wp-image-101\" title=\"Fred\" src=\"http:\/\/www.psg-sumo.de\/wp-content\/uploads\/2012\/10\/IMG_0326-150x150.jpg\" alt=\"\" width=\"150\" height=\"150\" \/><\/a><a href=\"http:\/\/www.psg-sumo.de\/wp-content\/uploads\/2012\/10\/IMG_0335.jpg\"><img loading=\"lazy\" decoding=\"async\" class=\"alignnone size-thumbnail wp-image-107\" title=\"Erik\" src=\"http:\/\/www.psg-sumo.de\/wp-content\/uploads\/2012\/10\/IMG_0335-150x150.jpg\" alt=\"\" width=\"150\" height=\"150\" \/><\/a><br \/>\nTrainingsplanung: Treffen NULL NEUNHUNDERT Etage 11 Gro\u00dfer Flur<br \/>\nLeider d\u00fcrfen wir heute dort kein Training machen, also gehen wir kurze Hand auf unsere Etage 35.<br \/>\n<a href=\"http:\/\/www.psg-sumo.de\/wp-content\/uploads\/2012\/10\/IMG_0306.jpg\"><img loading=\"lazy\" decoding=\"async\" class=\"alignnone size-thumbnail wp-image-95\" title=\"Die Traingsst\u00e4tte\" src=\"http:\/\/www.psg-sumo.de\/wp-content\/uploads\/2012\/10\/IMG_0306-150x150.jpg\" alt=\"\" width=\"150\" height=\"150\" \/><\/a><br \/>\nDer Flur ist leider nur 1,30m breit, aber egal wo ein Wille ist, ist auch ein Weg. Erst laufen zum\u00a0 warm werden, ein paar Sprints, schnelle Kreuzschritte und schon l\u00e4uft der Schwei\u00df in Str\u00f6men. Shiko\u00b4s und Steine aufheben f\u00fcrs Sumospezifische erw\u00e4rmen. Alles ein wenig durchkreisen und dehnen. Das Training kann beginnen.<br \/>\nErsteinmal Starts: Ete und Marcy starten gegen Fred, schieben ihn \u00fcber den Teppich. Herrantasten an die ungewohnte Trainingsumgebung und deren Umst\u00e4nde, um Verletzungen vorzubeugen.<br \/>\n<a href=\"http:\/\/www.psg-sumo.de\/wp-content\/uploads\/2012\/10\/IMG_0325.jpg\"><img loading=\"lazy\" decoding=\"async\" class=\"alignnone size-thumbnail wp-image-96\" title=\"Erik vs Fred\" src=\"http:\/\/www.psg-sumo.de\/wp-content\/uploads\/2012\/10\/IMG_0325-150x150.jpg\" alt=\"\" width=\"150\" height=\"150\" \/><\/a><a href=\"http:\/\/www.psg-sumo.de\/wp-content\/uploads\/2012\/10\/IMG_03341.jpg\"><img loading=\"lazy\" decoding=\"async\" class=\"alignnone size-thumbnail wp-image-113\" title=\"IMG_0334\" src=\"http:\/\/www.psg-sumo.de\/wp-content\/uploads\/2012\/10\/IMG_03341-150x150.jpg\" alt=\"\" width=\"150\" height=\"150\" \/><\/a><br \/>\nFred und Ete k\u00e4mpfen auf dem Flur um ihre Fassart und um eine gute Ausgangsposition. Durch den geringen Platz ist leider nur dieses m\u00f6glich und muss nach kurzer Kampfzeit immer wieder unterbrochen werden. Jeder macht noch ein wenig Techniktraining und Griff\u00fcbungen f\u00fcr seine individuelle Vorbereitung.<br \/>\n<a href=\"http:\/\/www.psg-sumo.de\/wp-content\/uploads\/2012\/10\/IMG_03381.jpg\"><img loading=\"lazy\" decoding=\"async\" class=\"alignnone size-thumbnail wp-image-110\" title=\"IMG_0338\" src=\"http:\/\/www.psg-sumo.de\/wp-content\/uploads\/2012\/10\/IMG_03381-150x150.jpg\" alt=\"\" width=\"150\" height=\"150\" \/><\/a><a href=\"http:\/\/www.psg-sumo.de\/wp-content\/uploads\/2012\/10\/IMG_0341.jpg\"><img loading=\"lazy\" decoding=\"async\" class=\"alignnone size-thumbnail wp-image-111\" title=\"IMG_0341\" src=\"http:\/\/www.psg-sumo.de\/wp-content\/uploads\/2012\/10\/IMG_0341-150x150.jpg\" alt=\"\" width=\"150\" height=\"150\" \/><\/a><a href=\"http:\/\/www.psg-sumo.de\/wp-content\/uploads\/2012\/10\/IMG_03361.jpg\"><img loading=\"lazy\" decoding=\"async\" class=\"alignnone size-thumbnail wp-image-112\" title=\"IMG_0336\" src=\"http:\/\/www.psg-sumo.de\/wp-content\/uploads\/2012\/10\/IMG_03361-150x150.jpg\" alt=\"\" width=\"150\" height=\"150\" \/><\/a><br \/>\nFazit: so schnell vergehen 2 Stunden Training<br \/>\nAlle f\u00fchlen sich nach dem Training gut und schauen optimistisch auf morgen.<\/p>\n<p>PS: Die Bilder sind zum Teil gestellt. Da Sumo eine recht schnelle Sportart ist und unsere Kamera die Bewegungen nicht gut festhalten konnte.<\/p>\n","protected":false},"excerpt":{"rendered":"<p>Trainingsplanung: Treffen NULL NEUNHUNDERT Etage 11 Gro\u00dfer Flur Leider d\u00fcrfen wir heute dort kein Training machen, also gehen wir kurze Hand auf unsere Etage 35. Der Flur ist leider nur 1,30m breit, aber egal wo ein Wille ist, ist auch &hellip; <a href=\"http:\/\/www.psg-sumo.de\/?page_id=92\">Weiterlesen <span class=\"meta-nav\">&rarr;<\/span><\/a><\/p>\n","protected":false},"author":1,"featured_media":0,"parent":58,"menu_order":1,"comment_status":"closed","ping_status":"closed","template":"","meta":{"footnotes":""},"class_list":["post-92","page","type-page","status-publish","hentry"],"_links":{"self":[{"href":"http:\/\/www.psg-sumo.de\/index.php?rest_route=\/wp\/v2\/pages\/92","targetHints":{"allow":["GET"]}}],"collection":[{"href":"http:\/\/www.psg-sumo.de\/index.php?rest_route=\/wp\/v2\/pages"}],"about":[{"href":"http:\/\/www.psg-sumo.de\/index.php?rest_route=\/wp\/v2\/types\/page"}],"author":[{"embeddable":true,"href":"http:\/\/www.psg-sumo.de\/index.php?rest_route=\/wp\/v2\/users\/1"}],"replies":[{"embeddable":true,"href":"http:\/\/www.psg-sumo.de\/index.php?rest_route=%2Fwp%2Fv2%2Fcomments&post=92"}],"version-history":[{"count":9,"href":"http:\/\/www.psg-sumo.de\/index.php?rest_route=\/wp\/v2\/pages\/92\/revisions"}],"predecessor-version":[{"id":94,"href":"http:\/\/www.psg-sumo.de\/index.php?rest_route=\/wp\/v2\/pages\/92\/revisions\/94"}],"up":[{"embeddable":true,"href":"http:\/\/www.psg-sumo.de\/index.php?rest_route=\/wp\/v2\/pages\/58"}],"wp:attachment":[{"href":"http:\/\/www.psg-sumo.de\/index.php?rest_route=%2Fwp%2Fv2%2Fmedia&parent=92"}],"curies":[{"name":"wp","href":"https:\/\/api.w.org\/{rel}","templated":true}]}}